{"id":950,"date":"2024-12-22T13:59:38","date_gmt":"2024-12-22T12:59:38","guid":{"rendered":"https:\/\/agakrolgallery.pl\/?post_type=product&#038;p=950"},"modified":"2025-05-21T00:27:36","modified_gmt":"2025-05-20T22:27:36","slug":"anielica-body-positive","status":"publish","type":"product","link":"https:\/\/agakrolgallery.pl\/?product=anielica-body-positive","title":{"rendered":"Anielica &#8222;body positive&#8221;"},"content":{"rendered":"<h1 style=\"text-align: center;\"><strong>Anielica &#8222;body positive&#8221;<\/strong><\/h1>\n<p>Szukasz pomys\u0142u na niebanalny prezent dla bliskiej osoby? Masz przyjaci\u00f3\u0142k\u0119, kt\u00f3ra jest niepoprawn\u0105 romantyczk\u0105, lub mi\u0142o\u015bniczk\u0105 anio\u0142\u00f3w? A mo\u017ce, Twoja mama uwielbia pastelowe kolory i w\u0142a\u015bnie ta figurka mog\u0142aby jej si\u0119 spodoba\u0107 \ud83d\ude00<\/p>\n<p>Wszystkie moje figurki s\u0105 w 100% wykonane przeze mnie. Chocia\u017c kto\u015b mo\u017ce zam\u00f3wi\u0107 podobn\u0105 nigdy nie b\u0119dzie ona identyczna z Twoj\u0105, dlatego masz pewno\u015b\u0107, \u017ce posiadasz ozdob\u0119 wyj\u0105tkow\u0105 i jedyn\u0105 w swoim rodzaju \ud83d\ude42<\/p>\n<p>Anio\u0142y s\u0105 idealnym podarunkiem na ka\u017cd\u0105 okazj\u0119 jak Dzie\u0144 Mamy, Babci, Walentynki, urodziny dziewczyny czy \u017cony lub najlepszej siostry czy przyjaci\u00f3\u0142ki\u00a0 \ud83d\ude42<\/p>\n<p>Figurka jest wykonana\u00a0 z masy solnej. Jest naprawd\u0119 trwa\u0142a i odporna na up\u0142yw czasu (niekt\u00f3re moje figurki maj\u0105 ju\u017c dobrze ponad 10 lat, i nadal nic im nie jest :))\u00a0 Do malowania moich Anio\u0142\u00f3w u\u017cywam farb akrylowych, a do utrwalenia kolor\u00f3w oraz zabezpieczenia figurki pokrywam je lakierem bezbarwnym. Ka\u017cda figurka ma tasiemk\u0119 satynow\u0105 w dopasowanym kolorze, umo\u017cliwiaj\u0105c\u0105 jej zawieszenie na \u015bcianie.<\/p>\n<p><strong>Wymiary:<\/strong><\/p>\n<p>Szeroko\u015b\u0107: ok. 11cm<\/p>\n<p>Wysoko\u015b\u0107: ok. 27cm<\/p>\n<p><strong>Piel\u0119gnacja<\/strong>: Anio\u0142y mo\u017cna bez problemu przeciera\u0107 szmatk\u0105 (mo\u017ce by\u0107 nawet delikatnie wilgotna, ale nie mokra, zdecydowanie nie wk\u0142adaj figurek pod strumie\u0144 wody!! :)).<\/p>\n<p><strong>Uwaga:<\/strong> Kolory, kt\u00f3re widzisz na swoim ekranie, mog\u0105 si\u0119 lekko r\u00f3\u017cni\u0107 od rzeczywistych kolor\u00f3w Anio\u0142a, ze wzgl\u0119du na r\u00f3\u017cne ustawienia naszych urz\u0105dze\u0144.<\/p>\n<p><strong>Dodatkowe informacje o produkcie:<\/strong><\/p>\n<ul>\n<li>Kod PKD: 90.03.Z<\/li>\n<li>Marka: Aga Kr\u00f3l Gallery<\/li>\n<li>Producent i osoba odpowiedzialna:\u00a0 Agnieszka Kr\u00f3l<\/li>\n<li>Kontakt: poprzez formularz kontaktowy b\u0105d\u017a na adres admin@agakrolgallery.com<\/li>\n<li>UWAGA: Produkt wy\u0142\u0105cznie dekoracyjny, nie nadaje si\u0119 do spo\u017cycia<\/li>\n<\/ul>\n<p>ZAPRASZAM \ud83d\ude42<\/p>\n<p>ps. W razie pyta\u0144 kontaktuj si\u0119 prosz\u0119 przez formularz (zak\u0142adka kontakt w stopce na dole strony)<\/p>\n","protected":false},"excerpt":{"rendered":"<p>Anielica &#8222;body positive&#8221; Szukasz pomys\u0142u na niebanalny prezent dla bliskiej osoby? Masz przyjaci\u00f3\u0142k\u0119, kt\u00f3ra jest niepoprawn\u0105 romantyczk\u0105, lub mi\u0142o\u015bniczk\u0105 anio\u0142\u00f3w? A mo\u017ce, Twoja mama uwielbia pastelowe kolory i w\u0142a\u015bnie ta figurka mog\u0142aby jej si\u0119 spodoba\u0107 \ud83d\ude00 Wszystkie moje figurki s\u0105 w 100% wykonane przeze mnie. Chocia\u017c kto\u015b mo\u017ce zam\u00f3wi\u0107 podobn\u0105 nigdy nie b\u0119dzie ona identyczna&#8230;<\/p>\n","protected":false},"featured_media":968,"comment_status":"open","ping_status":"closed","template":"","meta":{"_kad_post_transparent":"default","_kad_post_title":"","_kad_post_layout":"default","_kad_post_sidebar_id":"","_kad_post_content_style":"default","_kad_post_vertical_padding":"default","_kad_post_feature":"","_kad_post_feature_position":"","_kad_post_header":false,"_kad_post_footer":false,"_kad_post_classname":""},"product_brand":[],"product_cat":[18],"product_tag":[48,49,46,45,44,47],"class_list":{"0":"post-950","1":"product","2":"type-product","3":"status-publish","4":"has-post-thumbnail","6":"product_cat-anioly-z-sercem","7":"product_tag-artystyczny-wystroj","8":"product_tag-niebanalna-dekoracja","9":"product_tag-ozdoba-dla-romantycznej-duszy","10":"product_tag-podarunek-dla-romantyczki","11":"product_tag-romantyczny-prezent-dla-dziewczyny","12":"product_tag-upominek-dla-artystki","13":"product_shipping_class-aniol-standard","15":"first","16":"instock","17":"sold-individually","18":"shipping-taxable","19":"purchasable","20":"product-type-simple","21":"entry","22":"content-bg","23":"loop-entry"},"jetpack_sharing_enabled":true,"_links":{"self":[{"href":"https:\/\/agakrolgallery.pl\/index.php?rest_route=\/wp\/v2\/product\/950","targetHints":{"allow":["GET"]}}],"collection":[{"href":"https:\/\/agakrolgallery.pl\/index.php?rest_route=\/wp\/v2\/product"}],"about":[{"href":"https:\/\/agakrolgallery.pl\/index.php?rest_route=\/wp\/v2\/types\/product"}],"replies":[{"embeddable":true,"href":"https:\/\/agakrolgallery.pl\/index.php?rest_route=%2Fwp%2Fv2%2Fcomments&post=950"}],"wp:featuredmedia":[{"embeddable":true,"href":"https:\/\/agakrolgallery.pl\/index.php?rest_route=\/wp\/v2\/media\/968"}],"wp:attachment":[{"href":"https:\/\/agakrolgallery.pl\/index.php?rest_route=%2Fwp%2Fv2%2Fmedia&parent=950"}],"wp:term":[{"taxonomy":"product_brand","embeddable":true,"href":"https:\/\/agakrolgallery.pl\/index.php?rest_route=%2Fwp%2Fv2%2Fproduct_brand&post=950"},{"taxonomy":"product_cat","embeddable":true,"href":"https:\/\/agakrolgallery.pl\/index.php?rest_route=%2Fwp%2Fv2%2Fproduct_cat&post=950"},{"taxonomy":"product_tag","embeddable":true,"href":"https:\/\/agakrolgallery.pl\/index.php?rest_route=%2Fwp%2Fv2%2Fproduct_tag&post=950"}],"curies":[{"name":"wp","href":"https:\/\/api.w.org\/{rel}","templated":true}]}}