{"id":934,"date":"2024-12-15T11:45:01","date_gmt":"2024-12-15T10:45:01","guid":{"rendered":"https:\/\/agakrolgallery.pl\/?post_type=product&#038;p=934"},"modified":"2025-05-21T00:27:35","modified_gmt":"2025-05-20T22:27:35","slug":"anielica-z-grzywka","status":"publish","type":"product","link":"https:\/\/agakrolgallery.pl\/?product=anielica-z-grzywka","title":{"rendered":"Anielica z grzywk\u0105"},"content":{"rendered":"<h1 style=\"text-align: center;\"><strong>Anielica z grzywk\u0105<\/strong><\/h1>\n<p>Szukasz pomys\u0142u na niebanalny prezent dla bliskiej osoby? A mo\u017ce to sobie chcesz zrobi\u0107 przyjemno\u015b\u0107 i sprawi\u0107 sobie pi\u0119kn\u0105 ozdob\u0119, kt\u00f3ra na co dzie\u0144 b\u0119dzie cieszy\u0142a Twoje oko, a zarazem b\u0119dzie pi\u0119knym i oryginalnym dodatkiem do wn\u0119trza? \ud83d\ude42<\/p>\n<p>Mam dla Ciebie propozycj\u0119. W 100% r\u0119cznie wykonana figurka Anielicy, kt\u00f3ra jest idealnym prezentem na wi\u0119kszo\u015b\u0107 okazji, bo jak wiadomo, Anio\u0142y s\u0105 uniwersalne i dobre na wszystko \ud83d\ude42 S\u0105 idealnym podarunkiem na ka\u017cd\u0105 okazj\u0119 jak Dzie\u0144 Mamy, Babci, Walentynki, urodziny dziewczyny czy \u017cony lub najlepszej siostry czy przyjaci\u00f3\u0142ki\u00a0 \ud83d\ude42<\/p>\n<p>Anio\u0142 jest wykonany w ca\u0142o\u015b\u0107 przez mnie z masy solnej. Jest naprawd\u0119 trwa\u0142y i wytrzyma\u0142y (niekt\u00f3re moje figurki maj\u0105 ju\u017c dobrze ponad 10 lat, i nadal nic im nie jest :))\u00a0 Do malowania moich Anio\u0142\u00f3w u\u017cywam farb akrylowych, a do utrwalenia kolor\u00f3w oraz zabezpieczenia figurki pokrywam je lakierem bezbarwnym. Ka\u017cda figurka ma tasiemk\u0119 satynow\u0105 umo\u017cliwiaj\u0105c\u0105 jej zawieszenie na \u015bcianie.<\/p>\n<p><strong>Wymiary:<\/strong><\/p>\n<p>Szeroko\u015b\u0107: ok. 12cm<\/p>\n<p>Wysoko\u015b\u0107: ok. 28cm<\/p>\n<p><strong>Piel\u0119gnacja<\/strong>: Anio\u0142y mo\u017cna bez problemu przeciera\u0107 szmatk\u0105 (mo\u017ce by\u0107 nawet delikatnie wilgotna, ale nie mokra, zdecydowanie nie wk\u0142adaj figurek pod strumie\u0144 wody :)).<\/p>\n<p><strong>Uwaga:<\/strong> Kolory, kt\u00f3re widzisz na swoim ekranie, mog\u0105 si\u0119 lekko r\u00f3\u017cni\u0107 od rzeczywistych kolor\u00f3w Anio\u0142a, ze wzgl\u0119du na r\u00f3\u017cne ustawienia naszych urz\u0105dze\u0144.<\/p>\n<p><strong>Dodatkowe informacje o produkcie:<\/strong><\/p>\n<ul>\n<li>Kod PKD: 90.03.Z<\/li>\n<li>Marka: Aga Kr\u00f3l Gallery<\/li>\n<li>Producent i osoba odpowiedzialna:\u00a0 Agnieszka Kr\u00f3l<\/li>\n<li>Kontakt: poprzez formularz kontaktowy b\u0105d\u017a na adres admin@agakrolgallery.com<\/li>\n<li>UWAGA: Produkt wy\u0142\u0105cznie dekoracyjny, nie nadaje si\u0119 do spo\u017cycia<\/li>\n<\/ul>\n<p>ZAPRASZAM \ud83d\ude42<\/p>\n<p>ps. W razie pyta\u0144 kontaktuj si\u0119 prosz\u0119 przez formularz (zak\u0142adka kontakt w stopce na dole strony)<\/p>\n","protected":false},"excerpt":{"rendered":"<p>Anielica z grzywk\u0105 Szukasz pomys\u0142u na niebanalny prezent dla bliskiej osoby? A mo\u017ce to sobie chcesz zrobi\u0107 przyjemno\u015b\u0107 i sprawi\u0107 sobie pi\u0119kn\u0105 ozdob\u0119, kt\u00f3ra na co dzie\u0144 b\u0119dzie cieszy\u0142a Twoje oko, a zarazem b\u0119dzie pi\u0119knym i oryginalnym dodatkiem do wn\u0119trza? \ud83d\ude42 Mam dla Ciebie propozycj\u0119. W 100% r\u0119cznie wykonana figurka Anielicy, kt\u00f3ra jest idealnym prezentem&#8230;<\/p>\n","protected":false},"featured_media":936,"comment_status":"open","ping_status":"closed","template":"","meta":{"_kad_post_transparent":"default","_kad_post_title":"","_kad_post_layout":"default","_kad_post_sidebar_id":"","_kad_post_content_style":"default","_kad_post_vertical_padding":"default","_kad_post_feature":"","_kad_post_feature_position":"","_kad_post_header":false,"_kad_post_footer":false,"_kad_post_classname":""},"product_brand":[],"product_cat":[18],"product_tag":[37,19,38,39,21,23,40,20,25,24,22,26],"class_list":{"0":"post-934","1":"product","2":"type-product","3":"status-publish","4":"has-post-thumbnail","6":"product_cat-anioly-z-sercem","7":"product_tag-anielica-z-sercem-na-dloni","8":"product_tag-aniol-do-zawieszenia","9":"product_tag-aniol-dziewczyna","10":"product_tag-aniol-kobieta-z-ciemnymi-wlosami","11":"product_tag-dla-kochanej-babci","12":"product_tag-dzien-nauczyciela","13":"product_tag-figurka-aniola-z-grzywka","14":"product_tag-prezent-dla-mamy","15":"product_tag-prezent-na-pocieszenie","16":"product_tag-prezent-religijny","17":"product_tag-upominek-dla-nauczycielki","18":"product_tag-wsparcie-bliskiej-osoby","19":"product_shipping_class-aniol-standard","21":"first","22":"instock","23":"sold-individually","24":"shipping-taxable","25":"purchasable","26":"product-type-simple","27":"entry","28":"content-bg","29":"loop-entry"},"jetpack_sharing_enabled":true,"_links":{"self":[{"href":"https:\/\/agakrolgallery.pl\/index.php?rest_route=\/wp\/v2\/product\/934","targetHints":{"allow":["GET"]}}],"collection":[{"href":"https:\/\/agakrolgallery.pl\/index.php?rest_route=\/wp\/v2\/product"}],"about":[{"href":"https:\/\/agakrolgallery.pl\/index.php?rest_route=\/wp\/v2\/types\/product"}],"replies":[{"embeddable":true,"href":"https:\/\/agakrolgallery.pl\/index.php?rest_route=%2Fwp%2Fv2%2Fcomments&post=934"}],"wp:featuredmedia":[{"embeddable":true,"href":"https:\/\/agakrolgallery.pl\/index.php?rest_route=\/wp\/v2\/media\/936"}],"wp:attachment":[{"href":"https:\/\/agakrolgallery.pl\/index.php?rest_route=%2Fwp%2Fv2%2Fmedia&parent=934"}],"wp:term":[{"taxonomy":"product_brand","embeddable":true,"href":"https:\/\/agakrolgallery.pl\/index.php?rest_route=%2Fwp%2Fv2%2Fproduct_brand&post=934"},{"taxonomy":"product_cat","embeddable":true,"href":"https:\/\/agakrolgallery.pl\/index.php?rest_route=%2Fwp%2Fv2%2Fproduct_cat&post=934"},{"taxonomy":"product_tag","embeddable":true,"href":"https:\/\/agakrolgallery.pl\/index.php?rest_route=%2Fwp%2Fv2%2Fproduct_tag&post=934"}],"curies":[{"name":"wp","href":"https:\/\/api.w.org\/{rel}","templated":true}]}}