{"id":895,"date":"2024-09-29T13:48:27","date_gmt":"2024-09-29T11:48:27","guid":{"rendered":"https:\/\/agakrolgallery.pl\/?post_type=product&#038;p=895"},"modified":"2025-05-21T00:27:35","modified_gmt":"2025-05-20T22:27:35","slug":"anielica-w-zielonej-sukience","status":"publish","type":"product","link":"https:\/\/agakrolgallery.pl\/?product=anielica-w-zielonej-sukience","title":{"rendered":"Anielica w zielonej sukience"},"content":{"rendered":"<h1 style=\"text-align: center;\"><strong>Anielica w zielonej sukience<\/strong><\/h1>\n<p>Szukasz pomys\u0142u na niebanalny prezent dla bliskiej osoby? A mo\u017ce to sobie chcesz zrobi\u0107 przyjemno\u015b\u0107 i sprawi\u0107 sobie pi\u0119kn\u0105 ozdob\u0119, kt\u00f3ra na co dzie\u0144 b\u0119dzie cieszy\u0142a Twoje oko, a zarazem b\u0119dzie pi\u0119knym i oryginalnym dodatkiem do wn\u0119trza? \ud83d\ude42<\/p>\n<p>Mam dla Ciebie propozycj\u0119. W 100% r\u0119cznie wykonana figurka Anielicy, kt\u00f3ra jest idealnym prezentem na wi\u0119kszo\u015b\u0107 okazji, bo jak wiadomo, Anio\u0142y s\u0105 uniwersalne i dobre na wszystko \ud83d\ude42<\/p>\n<p>Mo\u017ce by\u0107 zar\u00f3wno podarunkiem z okazji Walentynek, ale te\u017c sprawdzi si\u0119 jako prezent \u015bwi\u0105teczny, urodzinowy, imieninowy b\u0105d\u017a jako upominek z okazji Dnia Nauczyciela czy Dnia Matki lub kochanej Babci \ud83d\ude42 Okazji do wr\u0119czenia Anio\u0142a jest ca\u0142e mn\u00f3stwo<\/p>\n<p>Anio\u0142 jest wykonany w ca\u0142o\u015b\u0107 przez mnie z masy solnej. Jest naprawd\u0119 trwa\u0142y i wytrzyma\u0142y (niekt\u00f3re moje figurki maj\u0105 ju\u017c dobrze ponad 10 lat, i nadal nic im nie jest :))\u00a0 Do malowania moich Anio\u0142\u00f3w u\u017cywam farb akrylowych, a do utrwalenia kolor\u00f3w oraz zabezpieczenia figurki pokrywam je lakierem bezbarwnym. Ka\u017cda figurka ma tasiemk\u0119 satynow\u0105 umo\u017cliwiaj\u0105c\u0105 jej zawieszenie na \u015bcianie.<\/p>\n<p><strong>Wymiary:<\/strong><\/p>\n<p>Szeroko\u015b\u0107: ok. 12cm<\/p>\n<p>Wysoko\u015b\u0107: ok. 28cm<\/p>\n<p><strong>Piel\u0119gnacja<\/strong>: Anio\u0142y mo\u017cna bez problemu przeciera\u0107 szmatk\u0105 (mo\u017ce by\u0107 nawet delikatnie wilgotna, ale nie mokra, zdecydowanie nie wk\u0142adaj figurek pod strumie\u0144 wody :)).<\/p>\n<p><strong>Uwaga:<\/strong> Kolory, kt\u00f3re widzisz na swoim ekranie, mog\u0105 si\u0119 lekko r\u00f3\u017cni\u0107 od rzeczywistych kolor\u00f3w Anio\u0142a, ze wzgl\u0119du na r\u00f3\u017cne ustawienia naszych urz\u0105dze\u0144.<\/p>\n<p>ZAPRASZAM \ud83d\ude42<\/p>\n<p>ps. W razie pyta\u0144 kontaktuj si\u0119 prosz\u0119 przez formularz (zak\u0142adka kontakt w stopce na dole strony)<\/p>\n","protected":false},"excerpt":{"rendered":"<p>Anielica w zielonej sukience Szukasz pomys\u0142u na niebanalny prezent dla bliskiej osoby? A mo\u017ce to sobie chcesz zrobi\u0107 przyjemno\u015b\u0107 i sprawi\u0107 sobie pi\u0119kn\u0105 ozdob\u0119, kt\u00f3ra na co dzie\u0144 b\u0119dzie cieszy\u0142a Twoje oko, a zarazem b\u0119dzie pi\u0119knym i oryginalnym dodatkiem do wn\u0119trza? \ud83d\ude42 Mam dla Ciebie propozycj\u0119. W 100% r\u0119cznie wykonana figurka Anielicy, kt\u00f3ra jest idealnym&#8230;<\/p>\n","protected":false},"featured_media":849,"comment_status":"open","ping_status":"closed","template":"","meta":{"_kad_post_transparent":"default","_kad_post_title":"","_kad_post_layout":"default","_kad_post_sidebar_id":"","_kad_post_content_style":"default","_kad_post_vertical_padding":"default","_kad_post_feature":"","_kad_post_feature_position":"","_kad_post_header":false,"_kad_post_footer":false,"_kad_post_classname":""},"product_brand":[],"product_cat":[18],"product_tag":[19,21,23,20,25,24,22,26],"class_list":{"0":"post-895","1":"product","2":"type-product","3":"status-publish","4":"has-post-thumbnail","6":"product_cat-anioly-z-sercem","7":"product_tag-aniol-do-zawieszenia","8":"product_tag-dla-kochanej-babci","9":"product_tag-dzien-nauczyciela","10":"product_tag-prezent-dla-mamy","11":"product_tag-prezent-na-pocieszenie","12":"product_tag-prezent-religijny","13":"product_tag-upominek-dla-nauczycielki","14":"product_tag-wsparcie-bliskiej-osoby","15":"product_shipping_class-aniol-standard","17":"first","18":"instock","19":"sold-individually","20":"shipping-taxable","21":"purchasable","22":"product-type-simple","23":"entry","24":"content-bg","25":"loop-entry"},"jetpack_sharing_enabled":true,"_links":{"self":[{"href":"https:\/\/agakrolgallery.pl\/index.php?rest_route=\/wp\/v2\/product\/895","targetHints":{"allow":["GET"]}}],"collection":[{"href":"https:\/\/agakrolgallery.pl\/index.php?rest_route=\/wp\/v2\/product"}],"about":[{"href":"https:\/\/agakrolgallery.pl\/index.php?rest_route=\/wp\/v2\/types\/product"}],"replies":[{"embeddable":true,"href":"https:\/\/agakrolgallery.pl\/index.php?rest_route=%2Fwp%2Fv2%2Fcomments&post=895"}],"wp:featuredmedia":[{"embeddable":true,"href":"https:\/\/agakrolgallery.pl\/index.php?rest_route=\/wp\/v2\/media\/849"}],"wp:attachment":[{"href":"https:\/\/agakrolgallery.pl\/index.php?rest_route=%2Fwp%2Fv2%2Fmedia&parent=895"}],"wp:term":[{"taxonomy":"product_brand","embeddable":true,"href":"https:\/\/agakrolgallery.pl\/index.php?rest_route=%2Fwp%2Fv2%2Fproduct_brand&post=895"},{"taxonomy":"product_cat","embeddable":true,"href":"https:\/\/agakrolgallery.pl\/index.php?rest_route=%2Fwp%2Fv2%2Fproduct_cat&post=895"},{"taxonomy":"product_tag","embeddable":true,"href":"https:\/\/agakrolgallery.pl\/index.php?rest_route=%2Fwp%2Fv2%2Fproduct_tag&post=895"}],"curies":[{"name":"wp","href":"https:\/\/api.w.org\/{rel}","templated":true}]}}