{"id":886,"date":"2024-10-03T15:14:53","date_gmt":"2024-10-03T13:14:53","guid":{"rendered":"https:\/\/agakrolgallery.pl\/?post_type=product&#038;p=886"},"modified":"2025-03-13T19:10:11","modified_gmt":"2025-03-13T18:10:11","slug":"anielica-okularnica","status":"publish","type":"product","link":"https:\/\/agakrolgallery.pl\/?product=anielica-okularnica","title":{"rendered":"Anielica Okularnica"},"content":{"rendered":"<h1 style=\"text-align: center;\"><strong>Anio\u0142 Okularnica \ud83d\ude42<\/strong><\/h1>\n<p>Szukasz pomys\u0142u na niebanalny prezent dla bliskiej osoby? A mo\u017ce to sobie chcesz zrobi\u0107 przyjemno\u015b\u0107 i sprawi\u0107 sobie pi\u0119kn\u0105 ozdob\u0119, kt\u00f3ra na co dzie\u0144 b\u0119dzie cieszy\u0142a Twoje oko, a zarazem b\u0119dzie pi\u0119knym i oryginalnym dodatkiem do wn\u0119trza? \ud83d\ude42<\/p>\n<p>Mam dla Ciebie propozycj\u0119. W 100% r\u0119cznie wykonana figurka Anielicy, Okularnicy :D, kt\u00f3ra jest idealnym prezentem na wi\u0119kszo\u015b\u0107 okazji, bo jak wiadomo, Anio\u0142y s\u0105 uniwersalne i dobre ZAWSZE \ud83d\ude42<\/p>\n<p>Mo\u017ce by\u0107 zar\u00f3wno podarunkiem z okazji Walentynek ( dla kochanej \u017cony, narzeczonej lub dziewczyny czy partnerki:)) ale te\u017c sprawdzi si\u0119 jako prezent \u015bwi\u0105teczny, urodzinowy, imieninowy b\u0105d\u017a jako upominek z okazji Dnia Nauczyciela czy Dnia Matki \ud83d\ude42 Okazji do wr\u0119czenia Anio\u0142a jest ca\u0142e mn\u00f3stwo.<\/p>\n<p>Anio\u0142 jest wykonany w ca\u0142o\u015b\u0107 przez mnie z masy solnej. Jest naprawd\u0119 trwa\u0142y i wytrzyma\u0142y (niekt\u00f3re moje figurki maj\u0105 ju\u017c dobrze ponad 10 lat, i nadal nic im nie jest :))\u00a0 Do malowania moich Anio\u0142\u00f3w u\u017cywam farb akrylowych, a do utrwalenia kolor\u00f3w oraz zabezpieczenia figurki pokrywam je lakierem bezbarwnym. Ka\u017cda figurka ma tasiemk\u0119 satynow\u0105 umo\u017cliwiaj\u0105c\u0105 jej zawieszenie na \u015bcianie.<\/p>\n<p><strong>Wymiary:<\/strong><\/p>\n<p>Szeroko\u015b\u0107: ok. 11cm<\/p>\n<p>Wysoko\u015b\u0107: ok. 27cm<\/p>\n<p><strong>Piel\u0119gnacja<\/strong>: Anio\u0142y mo\u017cna bez problemu przeciera\u0107 szmatk\u0105 (mo\u017ce by\u0107 nawet delikatnie wilgotna, ale nie mokra, zdecydowanie nie wk\u0142adaj figurek pod strumie\u0144 wody :)).<\/p>\n<p><strong>Uwaga:<\/strong> Kolory, kt\u00f3re widzisz na swoim ekranie, mog\u0105 si\u0119 lekko r\u00f3\u017cni\u0107 od rzeczywistych kolor\u00f3w Anio\u0142a, ze wzgl\u0119du na r\u00f3\u017cne ustawienia naszych urz\u0105dze\u0144.<\/p>\n<p>ZAPRASZAM \ud83d\ude42<\/p>\n<p>ps. W razie pyta\u0144 kontaktuj si\u0119 prosz\u0119 przez formularz (zak\u0142adka kontakt w stopce na dole strony)<\/p>\n<p>&nbsp;<\/p>\n","protected":false},"excerpt":{"rendered":"<p>Anio\u0142 Okularnica \ud83d\ude42 Szukasz pomys\u0142u na niebanalny prezent dla bliskiej osoby? A mo\u017ce to sobie chcesz zrobi\u0107 przyjemno\u015b\u0107 i sprawi\u0107 sobie pi\u0119kn\u0105 ozdob\u0119, kt\u00f3ra na co dzie\u0144 b\u0119dzie cieszy\u0142a Twoje oko, a zarazem b\u0119dzie pi\u0119knym i oryginalnym dodatkiem do wn\u0119trza? \ud83d\ude42 Mam dla Ciebie propozycj\u0119. W 100% r\u0119cznie wykonana figurka Anielicy, Okularnicy :D, kt\u00f3ra jest&#8230;<\/p>\n","protected":false},"featured_media":889,"comment_status":"open","ping_status":"closed","template":"","meta":{"_kad_post_transparent":"default","_kad_post_title":"","_kad_post_layout":"default","_kad_post_sidebar_id":"","_kad_post_content_style":"default","_kad_post_vertical_padding":"default","_kad_post_feature":"","_kad_post_feature_position":"","_kad_post_header":false,"_kad_post_footer":false,"_kad_post_classname":""},"product_brand":[],"product_cat":[18],"product_tag":[29,30,31,32,20,28,22,27],"class_list":{"0":"post-886","1":"product","2":"type-product","3":"status-publish","4":"has-post-thumbnail","6":"product_cat-anioly-z-sercem","7":"product_tag-aniol-okularnica","8":"product_tag-figurka-w-okularach","9":"product_tag-ozdoba-do-pokoju-nastolatki","10":"product_tag-podarunek-dla-siostry","11":"product_tag-prezent-dla-mamy","12":"product_tag-prezent-dla-ukochanej","13":"product_tag-upominek-dla-nauczycielki","14":"product_tag-wyjatkowy-prezent-na-walentynki","15":"product_shipping_class-aniol-standard","17":"first","18":"instock","19":"shipping-taxable","20":"purchasable","21":"product-type-simple","22":"entry","23":"content-bg","24":"loop-entry"},"jetpack_sharing_enabled":true,"_links":{"self":[{"href":"https:\/\/agakrolgallery.pl\/index.php?rest_route=\/wp\/v2\/product\/886","targetHints":{"allow":["GET"]}}],"collection":[{"href":"https:\/\/agakrolgallery.pl\/index.php?rest_route=\/wp\/v2\/product"}],"about":[{"href":"https:\/\/agakrolgallery.pl\/index.php?rest_route=\/wp\/v2\/types\/product"}],"replies":[{"embeddable":true,"href":"https:\/\/agakrolgallery.pl\/index.php?rest_route=%2Fwp%2Fv2%2Fcomments&post=886"}],"wp:featuredmedia":[{"embeddable":true,"href":"https:\/\/agakrolgallery.pl\/index.php?rest_route=\/wp\/v2\/media\/889"}],"wp:attachment":[{"href":"https:\/\/agakrolgallery.pl\/index.php?rest_route=%2Fwp%2Fv2%2Fmedia&parent=886"}],"wp:term":[{"taxonomy":"product_brand","embeddable":true,"href":"https:\/\/agakrolgallery.pl\/index.php?rest_route=%2Fwp%2Fv2%2Fproduct_brand&post=886"},{"taxonomy":"product_cat","embeddable":true,"href":"https:\/\/agakrolgallery.pl\/index.php?rest_route=%2Fwp%2Fv2%2Fproduct_cat&post=886"},{"taxonomy":"product_tag","embeddable":true,"href":"https:\/\/agakrolgallery.pl\/index.php?rest_route=%2Fwp%2Fv2%2Fproduct_tag&post=886"}],"curies":[{"name":"wp","href":"https:\/\/api.w.org\/{rel}","templated":true}]}}