{"id":1301,"date":"2025-04-06T14:30:11","date_gmt":"2025-04-06T12:30:11","guid":{"rendered":"https:\/\/agakrolgallery.pl\/?post_type=product&#038;p=1301"},"modified":"2025-05-21T00:27:37","modified_gmt":"2025-05-20T22:27:37","slug":"strazniczka-wiary-i-nadziei","status":"publish","type":"product","link":"https:\/\/agakrolgallery.pl\/?product=strazniczka-wiary-i-nadziei","title":{"rendered":"Stra\u017cniczka Wiary i Nadziei"},"content":{"rendered":"<h1 style=\"text-align: center;\"><strong>Str\u00f3\u017c Wiary i Nadziei<\/strong><\/h1>\n<div>\n<div dir=\"ltr\"><\/div>\n<div class=\"css-146c3p1 r-bcqeeo r-1ttztb7 r-qvutc0 r-37j5jr r-a023e6 r-16dba41 r-1adg3ll r-1b5gpbm r-a8ghvy\" dir=\"ltr\">\n<div class=\"css-146c3p1 r-bcqeeo r-1ttztb7 r-qvutc0 r-37j5jr r-a023e6 r-16dba41 r-1adg3ll r-1b5gpbm r-a8ghvy\" dir=\"ltr\"><span class=\"css-1jxf684 r-bcqeeo r-1ttztb7 r-qvutc0 r-poiln3\"><span class=\"css-1jxf684 r-bcqeeo r-1ttztb7 r-qvutc0 r-poiln3 r-a8ghvy\">\ud83d\udc99 Szukasz wyj\u0105tkowego upominku na Pierwsz\u0105 Komuni\u0119 \u015awi\u0119t\u0105 dla swojego dziecka? Ten r\u0119cznie wykonany Anio\u0142 to idealny wyb\u00f3r! Delikatna figurka w bia\u0142ej szacie, z bukietem kolorowych kwiat\u00f3w i z\u0142otymi skrzyd\u0142ami, zachwyca ka\u017cdym detalem. <\/span><\/span><\/div>\n<div class=\"css-146c3p1 r-bcqeeo r-1ttztb7 r-qvutc0 r-37j5jr r-a023e6 r-16dba41 r-1adg3ll r-1b5gpbm r-a8ghvy\" dir=\"ltr\"><span class=\"css-1jxf684 r-bcqeeo r-1ttztb7 r-qvutc0 r-poiln3\"><span class=\"css-1jxf684 r-bcqeeo r-1ttztb7 r-qvutc0 r-poiln3 r-a8ghvy\">Napis &#8222;IHS&#8221; na szacie symbolizuje wiar\u0119 i mi\u0142o\u015b\u0107, czyni\u0105c Anio\u0142a nie tylko pi\u0119kn\u0105 dekoracj\u0105, ale te\u017c g\u0142\u0119boko symboliczn\u0105 pami\u0105tk\u0105 komunijn\u0105, kt\u00f3ra zostanie z Twoim dzieckiem na d\u0142ugie lata. <\/span><\/span><\/div>\n<div class=\"css-146c3p1 r-bcqeeo r-1ttztb7 r-qvutc0 r-37j5jr r-a023e6 r-16dba41 r-1adg3ll r-1b5gpbm r-a8ghvy\" dir=\"ltr\"><span class=\"css-1jxf684 r-bcqeeo r-1ttztb7 r-qvutc0 r-poiln3\"><span class=\"css-1jxf684 r-bcqeeo r-1ttztb7 r-qvutc0 r-poiln3 r-a8ghvy\">\u00a0<\/span><\/span><\/div>\n<div class=\"css-146c3p1 r-bcqeeo r-1ttztb7 r-qvutc0 r-37j5jr r-a023e6 r-16dba41 r-1adg3ll r-1b5gpbm r-a8ghvy\" dir=\"ltr\"><span class=\"css-1jxf684 r-bcqeeo r-1ttztb7 r-qvutc0 r-poiln3\"><span class=\"css-1jxf684 r-bcqeeo r-1ttztb7 r-qvutc0 r-poiln3 r-a8ghvy\">\ud83d\udc99 Anio\u0142 ten jest stworzony z my\u015bl\u0105 o dziewczynkach przyst\u0119puj\u0105cych do Pierwszej Komunii \u015awi\u0119tej \u2013 kt\u00f3re w tym wyj\u0105tkowym dniu zas\u0142uguj\u0105 na co\u015b naprawd\u0119 specjalnego. To idealny prezent od rodzic\u00f3w, chrzestnych, dziadk\u00f3w czy bliskich, kt\u00f3rzy chc\u0105 podarowa\u0107 co\u015b, co b\u0119dzie nie tylko pi\u0119kn\u0105 ozdob\u0105, ale te\u017c symbolem ochrony i b\u0142ogos\u0142awie\u0144stwa. Wyobra\u017a sobie, jak Twoje dziecko zawiesza Anio\u0142a w swoim pokoju, a za ka\u017cdym razem, gdy na niego spojrzy, przypomina mu si\u0119 ten magiczny dzie\u0144 i Twoja mi\u0142o\u015b\u0107 \ud83d\ude42<\/span><\/span><\/div>\n<\/div>\n<div class=\"css-146c3p1 r-bcqeeo r-1ttztb7 r-qvutc0 r-37j5jr r-a023e6 r-16dba41 r-1adg3ll r-1b5gpbm r-a8ghvy\" dir=\"ltr\"><\/div>\n<div class=\"css-146c3p1 r-bcqeeo r-1ttztb7 r-qvutc0 r-37j5jr r-a023e6 r-16dba41 r-1adg3ll r-1b5gpbm r-a8ghvy\" dir=\"ltr\">\n<div class=\"css-146c3p1 r-bcqeeo r-1ttztb7 r-qvutc0 r-37j5jr r-a023e6 r-16dba41 r-1adg3ll r-1b5gpbm r-a8ghvy\" dir=\"ltr\"><span class=\"css-1jxf684 r-bcqeeo r-1ttztb7 r-qvutc0 r-poiln3\"><span class=\"css-1jxf684 r-bcqeeo r-1ttztb7 r-qvutc0 r-poiln3 r-a8ghvy\">\ud83d\udc99 Taki prezent mo\u017ce sta\u0107 si\u0119 symbolem poczucia bezpiecze\u0144stwa, ciep\u0142a i duchowej harmonii, a tak\u017ce Anielskiej opieki.<\/span><\/span><\/div>\n<div class=\"css-146c3p1 r-bcqeeo r-1ttztb7 r-qvutc0 r-37j5jr r-a023e6 r-16dba41 r-1adg3ll r-1b5gpbm r-a8ghvy\" dir=\"ltr\"><span class=\"css-1jxf684 r-bcqeeo r-1ttztb7 r-qvutc0 r-poiln3\"><span class=\"css-1jxf684 r-bcqeeo r-1ttztb7 r-qvutc0 r-poiln3 r-a8ghvy\"> Jego obecno\u015b\u0107 w domu budzi rado\u015b\u0107 i spok\u00f3j, a r\u0119cznie wykonane detale \u2013 od z\u0142otych skrzyde\u0142 po<\/span><\/span><\/div>\n<\/div>\n<div dir=\"ltr\">\n<div>delikatne kwiaty \u2013 sprawiaj\u0105, \u017ce ka\u017cdy, kto go zobaczy, poczuje zachwyt. Niech ten anio\u0142 str\u00f3\u017c czuwa nad Twoim dzieckiem, b\u0119d\u0105c wyj\u0105tkow\u0105 pami\u0105tk\u0105 Pierwszej Komunii \u015awi\u0119tej i symbolem Twojej troski!<\/div>\n<div><\/div>\n<\/div>\n<div>Je\u015bli dobrn\u0105\u0142e\u015b a\u017c tutaj mam dla Ciebie jeszcze kilka bardziej technicznych informacji \ud83d\ude42<\/div>\n<div dir=\"ltr\">\n<div><\/div>\n<\/div>\n<\/div>\n<p>Figurka jest wykonana\u00a0 z masy solnej. Jest naprawd\u0119 trwa\u0142a i odporna na up\u0142yw czasu (niekt\u00f3re moje figurki maj\u0105 ju\u017c dobrze ponad 10 lat, i nadal maj\u0105 si\u0119 \u015bwietnie :))<\/p>\n<p>Do malowania moich Anio\u0142\u00f3w u\u017cywam farb akrylowych, a do utrwalenia kolor\u00f3w oraz zabezpieczenia figurki pokrywam je lakierem bezbarwnym. Ka\u017cda figurka ma tasiemk\u0119 satynow\u0105 w dopasowanym kolorze, umo\u017cliwiaj\u0105c\u0105 jej zawieszenie na \u015bcianie, zapakowane w prosty, ale elegancki spos\u00f3b w formie gotowej do wr\u0119czenia &#8211; co r\u00f3wnie\u017c mo\u017cesz zobaczy\u0107 w galerii zdj\u0119\u0107.<\/p>\n<p><strong>Wymiary:<\/strong><\/p>\n<p>Szeroko\u015b\u0107: ok. 12cm<\/p>\n<p>Wysoko\u015b\u0107: ok. 29,5cm<\/p>\n<p><strong>Piel\u0119gnacja<\/strong>: Anio\u0142y mo\u017cna bez problemu przeciera\u0107 szmatk\u0105 (mo\u017ce by\u0107 nawet delikatnie wilgotna, ale nie mokra, zdecydowanie nie wk\u0142adaj figurek pod strumie\u0144 wody!! :)).<\/p>\n<p><strong>Uwaga:<\/strong> Kolory, kt\u00f3re widzisz na swoim ekranie, mog\u0105 si\u0119 lekko r\u00f3\u017cni\u0107 od rzeczywistych kolor\u00f3w Anio\u0142a, ze wzgl\u0119du na r\u00f3\u017cne ustawienia naszych urz\u0105dze\u0144.<\/p>\n<p><strong>Dodatkowe informacje o produkcie:<\/strong><\/p>\n<ul>\n<li>Kod PKD: 90.03.Z<\/li>\n<li>Marka: Aga Kr\u00f3l Gallery<\/li>\n<li>Producent i osoba odpowiedzialna:\u00a0 Agnieszka Kr\u00f3l<\/li>\n<li>Kontakt: poprzez formularz kontaktowy b\u0105d\u017a na adres admin@agakrolgallery.com<\/li>\n<li>UWAGA: Produkt wy\u0142\u0105cznie dekoracyjny, nie nadaje si\u0119 do spo\u017cycia<\/li>\n<\/ul>\n<p>ZAPRASZAM \ud83d\ude42<\/p>\n<p>ps. W razie jakichkolwiek pyta\u0144 kontaktuj si\u0119 prosz\u0119 przez formularz (zak\u0142adka kontakt w stopce na dole strony)<\/p>\n","protected":false},"excerpt":{"rendered":"<p>Str\u00f3\u017c Wiary i Nadziei \ud83d\udc99 Szukasz wyj\u0105tkowego upominku na Pierwsz\u0105 Komuni\u0119 \u015awi\u0119t\u0105 dla swojego dziecka? Ten r\u0119cznie wykonany Anio\u0142 to idealny wyb\u00f3r! Delikatna figurka w bia\u0142ej szacie, z bukietem kolorowych kwiat\u00f3w i z\u0142otymi skrzyd\u0142ami, zachwyca ka\u017cdym detalem. Napis &#8222;IHS&#8221; na szacie symbolizuje wiar\u0119 i mi\u0142o\u015b\u0107, czyni\u0105c Anio\u0142a nie tylko pi\u0119kn\u0105 dekoracj\u0105, ale te\u017c g\u0142\u0119boko symboliczn\u0105&#8230;<\/p>\n","protected":false},"featured_media":1306,"comment_status":"open","ping_status":"closed","template":"","meta":{"_kad_post_transparent":"default","_kad_post_title":"","_kad_post_layout":"default","_kad_post_sidebar_id":"","_kad_post_content_style":"default","_kad_post_vertical_padding":"default","_kad_post_feature":"","_kad_post_feature_position":"","_kad_post_header":false,"_kad_post_footer":false,"_kad_post_classname":""},"product_brand":[],"product_cat":[50],"product_tag":[72,57,58,81,92,86,61,24,126,62],"class_list":{"0":"post-1301","1":"product","2":"type-product","3":"status-publish","4":"has-post-thumbnail","6":"product_cat-anioly-komunijne","7":"product_tag-aniol-stroz-dla-dziecka","8":"product_tag-ceremonia-koscielna","9":"product_tag-chrzescijanska-uroczystosc","10":"product_tag-dla-ukochanej-wnusi","11":"product_tag-komunia-z-bukietem-kwiatow","12":"product_tag-komunia-z-kwiatami","13":"product_tag-minimalistyczna-komunia-swieta","14":"product_tag-prezent-religijny","15":"product_tag-symbol-opieki-bozej","16":"product_tag-symbol-pierwszej-komunii-ihs","17":"product_shipping_class-aniol-standard","19":"first","20":"instock","21":"sold-individually","22":"shipping-taxable","23":"purchasable","24":"product-type-simple","25":"entry","26":"content-bg","27":"loop-entry"},"jetpack_sharing_enabled":true,"_links":{"self":[{"href":"https:\/\/agakrolgallery.pl\/index.php?rest_route=\/wp\/v2\/product\/1301","targetHints":{"allow":["GET"]}}],"collection":[{"href":"https:\/\/agakrolgallery.pl\/index.php?rest_route=\/wp\/v2\/product"}],"about":[{"href":"https:\/\/agakrolgallery.pl\/index.php?rest_route=\/wp\/v2\/types\/product"}],"replies":[{"embeddable":true,"href":"https:\/\/agakrolgallery.pl\/index.php?rest_route=%2Fwp%2Fv2%2Fcomments&post=1301"}],"wp:featuredmedia":[{"embeddable":true,"href":"https:\/\/agakrolgallery.pl\/index.php?rest_route=\/wp\/v2\/media\/1306"}],"wp:attachment":[{"href":"https:\/\/agakrolgallery.pl\/index.php?rest_route=%2Fwp%2Fv2%2Fmedia&parent=1301"}],"wp:term":[{"taxonomy":"product_brand","embeddable":true,"href":"https:\/\/agakrolgallery.pl\/index.php?rest_route=%2Fwp%2Fv2%2Fproduct_brand&post=1301"},{"taxonomy":"product_cat","embeddable":true,"href":"https:\/\/agakrolgallery.pl\/index.php?rest_route=%2Fwp%2Fv2%2Fproduct_cat&post=1301"},{"taxonomy":"product_tag","embeddable":true,"href":"https:\/\/agakrolgallery.pl\/index.php?rest_route=%2Fwp%2Fv2%2Fproduct_tag&post=1301"}],"curies":[{"name":"wp","href":"https:\/\/api.w.org\/{rel}","templated":true}]}}