{"id":1245,"date":"2025-02-06T20:13:54","date_gmt":"2025-02-06T19:13:54","guid":{"rendered":"https:\/\/agakrolgallery.pl\/?post_type=product&#038;p=1245"},"modified":"2025-05-21T00:27:36","modified_gmt":"2025-05-20T22:27:36","slug":"aniol-milosci-i-wsparcia","status":"publish","type":"product","link":"https:\/\/agakrolgallery.pl\/?product=aniol-milosci-i-wsparcia","title":{"rendered":"Anio\u0142 mi\u0142o\u015bci i wsparcia"},"content":{"rendered":"<h1 style=\"text-align: center;\"><strong>Anio\u0142 Mama z c\u00f3rk\u0105<\/strong><\/h1>\n<p>Szukasz pomys\u0142u na nietuzinkowy prezent dla Mamy, kt\u00f3ra jest zarazem Twoj\u0105 najlepsz\u0105 przyjaci\u00f3\u0142k\u0105? Chcia\u0142aby\u015b podarowa\u0107 jej wyj\u0105tkowy prezent, aby ka\u017cdego dnia przypomina\u0142 o Twojej wdzi\u0119czno\u015bci?<\/p>\n<p>W\u0142a\u015bnie tutaj znajdziesz wyj\u0105tkowy prezent dla osoby, kt\u00f3rej chcesz pokaza\u0107, jak wiele znaczy jej obecno\u015b\u0107 w Twoim \u017cyciu. Mo\u017ce to by\u0107 mama, ale r\u00f3wnie\u017c przyjaci\u00f3\u0142ka lub siostra \ud83d\ude42<\/p>\n<p>Figurka jest wykonana w ca\u0142o\u015bci przeze mnie z masy solnej. Jest naprawd\u0119 trwa\u0142a i wytrzyma\u0142a (niekt\u00f3re moje figurki maj\u0105 ju\u017c dobrze ponad 10 lat, i nadal nic im nie jest :))\u00a0 Do malowania moich Anio\u0142\u00f3w u\u017cywam farb akrylowych, a do utrwalenia kolor\u00f3w oraz zabezpieczenia figurki pokrywam je lakierem bezbarwnym. Ka\u017cda figurka ma tasiemk\u0119 satynow\u0105 umo\u017cliwiaj\u0105c\u0105 jej zawieszenie na \u015bcianie.<\/p>\n<p><strong>Wymiary:<\/strong><\/p>\n<p>Szeroko\u015b\u0107: ok. 9,5cm<\/p>\n<p>Wysoko\u015b\u0107: ok. 30cm<\/p>\n<p><strong>Piel\u0119gnacja<\/strong>: Anio\u0142y mo\u017cna bez problemu przeciera\u0107 szmatk\u0105 (mo\u017ce by\u0107 nawet delikatnie wilgotna, ale nie mokra, zdecydowanie nie wk\u0142adaj figurek pod strumie\u0144 wody :)).<\/p>\n<p><strong>Uwaga:<\/strong> Kolory, kt\u00f3re widzisz na swoim ekranie, mog\u0105 si\u0119 lekko r\u00f3\u017cni\u0107 od rzeczywistych kolor\u00f3w Anio\u0142a, ze wzgl\u0119du na r\u00f3\u017cne ustawienia naszych urz\u0105dze\u0144.<\/p>\n<p><strong>Dodatkowe informacje o produkcie:<\/strong><\/p>\n<ul>\n<li>Kod PKD: 90.03.Z<\/li>\n<li>Marka: Aga Kr\u00f3l Gallery<\/li>\n<li>Producent i osoba odpowiedzialna:\u00a0 Agnieszka Kr\u00f3l<\/li>\n<li>Kontakt: poprzez formularz kontaktowy b\u0105d\u017a na adres admin@agakrolgallery.com<\/li>\n<li>UWAGA: Produkt wy\u0142\u0105cznie dekoracyjny, nie nadaje si\u0119 do spo\u017cycia<\/li>\n<\/ul>\n<p>ZAPRASZAM \ud83d\ude42<\/p>\n<p>ps. W razie pyta\u0144 kontaktuj si\u0119 prosz\u0119 przez formularz (zak\u0142adka kontakt w stopce na dole strony)<\/p>\n","protected":false},"excerpt":{"rendered":"<p>Anio\u0142 Mama z c\u00f3rk\u0105 Szukasz pomys\u0142u na nietuzinkowy prezent dla Mamy, kt\u00f3ra jest zarazem Twoj\u0105 najlepsz\u0105 przyjaci\u00f3\u0142k\u0105? Chcia\u0142aby\u015b podarowa\u0107 jej wyj\u0105tkowy prezent, aby ka\u017cdego dnia przypomina\u0142 o Twojej wdzi\u0119czno\u015bci? W\u0142a\u015bnie tutaj znajdziesz wyj\u0105tkowy prezent dla osoby, kt\u00f3rej chcesz pokaza\u0107, jak wiele znaczy jej obecno\u015b\u0107 w Twoim \u017cyciu. Mo\u017ce to by\u0107 mama, ale r\u00f3wnie\u017c przyjaci\u00f3\u0142ka lub&#8230;<\/p>\n","protected":false},"featured_media":1237,"comment_status":"open","ping_status":"closed","template":"","meta":{"_kad_post_transparent":"default","_kad_post_title":"","_kad_post_layout":"default","_kad_post_sidebar_id":"","_kad_post_content_style":"default","_kad_post_vertical_padding":"default","_kad_post_feature":"","_kad_post_feature_position":"","_kad_post_header":false,"_kad_post_footer":false,"_kad_post_classname":""},"product_brand":[],"product_cat":[116],"product_tag":[19,118,100,119,117,125,20,96],"class_list":{"0":"post-1245","1":"product","2":"type-product","3":"status-publish","4":"has-post-thumbnail","6":"product_cat-anioly-do-pary","7":"product_tag-aniol-do-zawieszenia","8":"product_tag-aniol-mama-i-corka","9":"product_tag-galeria-scienna","10":"product_tag-milosc-matczyna","11":"product_tag-najlepsza-przyjaciolka-mama","12":"product_tag-najlepsza-siostra-na-swiecie","13":"product_tag-prezent-dla-mamy","14":"product_tag-prezent-dla-najlepszej-przyjaciolki","15":"product_shipping_class-aniol-standard","17":"first","18":"instock","19":"sold-individually","20":"shipping-taxable","21":"purchasable","22":"product-type-simple","23":"entry","24":"content-bg","25":"loop-entry"},"jetpack_sharing_enabled":true,"_links":{"self":[{"href":"https:\/\/agakrolgallery.pl\/index.php?rest_route=\/wp\/v2\/product\/1245","targetHints":{"allow":["GET"]}}],"collection":[{"href":"https:\/\/agakrolgallery.pl\/index.php?rest_route=\/wp\/v2\/product"}],"about":[{"href":"https:\/\/agakrolgallery.pl\/index.php?rest_route=\/wp\/v2\/types\/product"}],"replies":[{"embeddable":true,"href":"https:\/\/agakrolgallery.pl\/index.php?rest_route=%2Fwp%2Fv2%2Fcomments&post=1245"}],"wp:featuredmedia":[{"embeddable":true,"href":"https:\/\/agakrolgallery.pl\/index.php?rest_route=\/wp\/v2\/media\/1237"}],"wp:attachment":[{"href":"https:\/\/agakrolgallery.pl\/index.php?rest_route=%2Fwp%2Fv2%2Fmedia&parent=1245"}],"wp:term":[{"taxonomy":"product_brand","embeddable":true,"href":"https:\/\/agakrolgallery.pl\/index.php?rest_route=%2Fwp%2Fv2%2Fproduct_brand&post=1245"},{"taxonomy":"product_cat","embeddable":true,"href":"https:\/\/agakrolgallery.pl\/index.php?rest_route=%2Fwp%2Fv2%2Fproduct_cat&post=1245"},{"taxonomy":"product_tag","embeddable":true,"href":"https:\/\/agakrolgallery.pl\/index.php?rest_route=%2Fwp%2Fv2%2Fproduct_tag&post=1245"}],"curies":[{"name":"wp","href":"https:\/\/api.w.org\/{rel}","templated":true}]}}