{"id":1138,"date":"2025-01-20T20:21:22","date_gmt":"2025-01-20T19:21:22","guid":{"rendered":"https:\/\/agakrolgallery.pl\/?post_type=product&#038;p=1138"},"modified":"2025-05-21T00:27:36","modified_gmt":"2025-05-20T22:27:36","slug":"anielica-summer-vibes","status":"publish","type":"product","link":"https:\/\/agakrolgallery.pl\/?product=anielica-summer-vibes","title":{"rendered":"Anielica  &#8222;Summer vibes&#8221; :)"},"content":{"rendered":"<h1 style=\"text-align: center;\"><strong>Anielica w szortach &#8222;Summer vibes&#8221; \ud83d\ude42<\/strong><\/h1>\n<p>Szukasz pomys\u0142u na nietuzinkowy prezent dla bliskiej kobiety bliskiej Twemu sercu? A mo\u017ce to sobie chcesz zrobi\u0107 przyjemno\u015b\u0107 i sprawi\u0107 sobie pi\u0119kn\u0105 ozdob\u0119, kt\u00f3ra na co dzie\u0144 b\u0119dzie cieszy\u0142a Twoje oko, a zarazem b\u0119dzie pi\u0119knym i oryginalnym dodatkiem do wn\u0119trza? \ud83d\ude42<\/p>\n<p>Tym razem Anio\u0142 w letniej ods\u0142onie, dla mi\u0142o\u015bniczki niebanalnych przedmiot\u00f3w, kt\u00f3ra uwielbia sp\u0119dza\u0107 czas rozkoszuj\u0105c si\u0119 promieniami s\u0142o\u0144ca \ud83d\ude42<\/p>\n<p>W 100% r\u0119cznie wykonana figurka Anielicy, kt\u00f3ra jest idealnym prezentem na wi\u0119kszo\u015b\u0107 okazji, bo jak wiadomo, Anio\u0142y s\u0105 uniwersalne i dobre na wszystko \ud83d\ude42 S\u0105 idealnym podarunkiem na ka\u017cd\u0105 okazj\u0119 jak Dzie\u0144 Mamy, Babci, Walentynki, urodziny dziewczyny czy \u017cony lub najlepszej siostry czy przyjaci\u00f3\u0142ki\u00a0 \ud83d\ude42<\/p>\n<p>Ka\u017cda figurka jest wykonana w ca\u0142o\u015bci przeze mnie z masy solnej. Jest naprawd\u0119 trwa\u0142a i wytrzyma\u0142a (niekt\u00f3re moje figurki maj\u0105 ju\u017c dobrze ponad 10 lat, i nadal nic im nie jest :))\u00a0 Do malowania moich Anio\u0142\u00f3w u\u017cywam farb akrylowych, a do utrwalenia kolor\u00f3w oraz zabezpieczenia figurki pokrywam je lakierem bezbarwnym. Ka\u017cda figurka ma tasiemk\u0119 satynow\u0105 umo\u017cliwiaj\u0105c\u0105 jej zawieszenie na \u015bcianie.<\/p>\n<p><strong>Wymiary:<\/strong><\/p>\n<p>Szeroko\u015b\u0107: ok. 9,5cm<\/p>\n<p>Wysoko\u015b\u0107: ok. 30cm<\/p>\n<p><strong>Piel\u0119gnacja<\/strong>: Anio\u0142y mo\u017cna bez problemu przeciera\u0107 szmatk\u0105 (mo\u017ce by\u0107 nawet delikatnie wilgotna, ale nie mokra, zdecydowanie nie wk\u0142adaj figurek pod strumie\u0144 wody :)).<\/p>\n<p><strong>Uwaga:<\/strong> Kolory, kt\u00f3re widzisz na swoim ekranie, mog\u0105 si\u0119 lekko r\u00f3\u017cni\u0107 od rzeczywistych kolor\u00f3w Anio\u0142a, ze wzgl\u0119du na r\u00f3\u017cne ustawienia naszych urz\u0105dze\u0144.<\/p>\n<p><strong>Dodatkowe informacje o produkcie:<\/strong><\/p>\n<ul>\n<li>Kod PKD: 90.03.Z<\/li>\n<li>Marka: Aga Kr\u00f3l Gallery<\/li>\n<li>Producent i osoba odpowiedzialna:\u00a0 Agnieszka Kr\u00f3l<\/li>\n<li>Kontakt: poprzez formularz kontaktowy b\u0105d\u017a na adres admin@agakrolgallery.com<\/li>\n<li>UWAGA: Produkt wy\u0142\u0105cznie dekoracyjny, nie nadaje si\u0119 do spo\u017cycia<\/li>\n<\/ul>\n<p>ZAPRASZAM \ud83d\ude42<\/p>\n<p>ps. W razie pyta\u0144 kontaktuj si\u0119 prosz\u0119 przez formularz (zak\u0142adka kontakt w stopce na dole strony)<\/p>\n","protected":false},"excerpt":{"rendered":"<p>Anielica w szortach &#8222;Summer vibes&#8221; \ud83d\ude42 Szukasz pomys\u0142u na nietuzinkowy prezent dla bliskiej kobiety bliskiej Twemu sercu? A mo\u017ce to sobie chcesz zrobi\u0107 przyjemno\u015b\u0107 i sprawi\u0107 sobie pi\u0119kn\u0105 ozdob\u0119, kt\u00f3ra na co dzie\u0144 b\u0119dzie cieszy\u0142a Twoje oko, a zarazem b\u0119dzie pi\u0119knym i oryginalnym dodatkiem do wn\u0119trza? \ud83d\ude42 Tym razem Anio\u0142 w letniej ods\u0142onie, dla mi\u0142o\u015bniczki&#8230;<\/p>\n","protected":false},"featured_media":1139,"comment_status":"open","ping_status":"closed","template":"","meta":{"_kad_post_transparent":"default","_kad_post_title":"","_kad_post_layout":"default","_kad_post_sidebar_id":"","_kad_post_content_style":"default","_kad_post_vertical_padding":"default","_kad_post_feature":"","_kad_post_feature_position":"","_kad_post_header":false,"_kad_post_footer":false,"_kad_post_classname":""},"product_brand":[],"product_cat":[18],"product_tag":[19,95,93,98,99,100,97,20,96,25,94,22,26],"class_list":{"0":"post-1138","1":"product","2":"type-product","3":"status-publish","4":"has-post-thumbnail","6":"product_cat-anioly-z-sercem","7":"product_tag-aniol-do-zawieszenia","8":"product_tag-aniol-w-letnim-stroju","9":"product_tag-aniol-w-szortach","10":"product_tag-dla-mojej-walentynki","11":"product_tag-do-pokoju-artystki","12":"product_tag-galeria-scienna","13":"product_tag-kwiaty-we-wlosach","14":"product_tag-prezent-dla-mamy","15":"product_tag-prezent-dla-najlepszej-przyjaciolki","16":"product_tag-prezent-na-pocieszenie","17":"product_tag-upominek-dla-milosniczki-lata","18":"product_tag-upominek-dla-nauczycielki","19":"product_tag-wsparcie-bliskiej-osoby","20":"product_shipping_class-aniol-standard","22":"first","23":"instock","24":"sold-individually","25":"shipping-taxable","26":"purchasable","27":"product-type-simple","28":"entry","29":"content-bg","30":"loop-entry"},"jetpack_sharing_enabled":true,"_links":{"self":[{"href":"https:\/\/agakrolgallery.pl\/index.php?rest_route=\/wp\/v2\/product\/1138","targetHints":{"allow":["GET"]}}],"collection":[{"href":"https:\/\/agakrolgallery.pl\/index.php?rest_route=\/wp\/v2\/product"}],"about":[{"href":"https:\/\/agakrolgallery.pl\/index.php?rest_route=\/wp\/v2\/types\/product"}],"replies":[{"embeddable":true,"href":"https:\/\/agakrolgallery.pl\/index.php?rest_route=%2Fwp%2Fv2%2Fcomments&post=1138"}],"wp:featuredmedia":[{"embeddable":true,"href":"https:\/\/agakrolgallery.pl\/index.php?rest_route=\/wp\/v2\/media\/1139"}],"wp:attachment":[{"href":"https:\/\/agakrolgallery.pl\/index.php?rest_route=%2Fwp%2Fv2%2Fmedia&parent=1138"}],"wp:term":[{"taxonomy":"product_brand","embeddable":true,"href":"https:\/\/agakrolgallery.pl\/index.php?rest_route=%2Fwp%2Fv2%2Fproduct_brand&post=1138"},{"taxonomy":"product_cat","embeddable":true,"href":"https:\/\/agakrolgallery.pl\/index.php?rest_route=%2Fwp%2Fv2%2Fproduct_cat&post=1138"},{"taxonomy":"product_tag","embeddable":true,"href":"https:\/\/agakrolgallery.pl\/index.php?rest_route=%2Fwp%2Fv2%2Fproduct_tag&post=1138"}],"curies":[{"name":"wp","href":"https:\/\/api.w.org\/{rel}","templated":true}]}}