{"id":1111,"date":"2025-01-09T20:29:44","date_gmt":"2025-01-09T19:29:44","guid":{"rendered":"https:\/\/agakrolgallery.pl\/?post_type=product&#038;p=1111"},"modified":"2025-05-21T00:27:36","modified_gmt":"2025-05-20T22:27:36","slug":"strazniczka-czystego-serca","status":"publish","type":"product","link":"https:\/\/agakrolgallery.pl\/?product=strazniczka-czystego-serca","title":{"rendered":"Stra\u017cniczka Czystego Serca"},"content":{"rendered":"<h1 style=\"text-align: center;\"><strong>Anielica komunijna w okularach<\/strong><\/h1>\n<p>Je\u015bli szukasz pomys\u0142u na niebanalny prezent komunijny dla dziewczynki, jeste\u015b w idealnym miejscu \ud83d\ude42 Nie ma chyba lepszej pami\u0105tki tego wa\u017cnego sakramentu, ni\u017c pi\u0119kny i wyj\u0105tkowy Anio\u0142, kt\u00f3ry nie tylko b\u0119dzie upami\u0119tnia\u0142 to wa\u017cne religijne wydarzenie, jakim jest przyj\u0119cie Komunii \u015awi\u0119tej, ale b\u0119dzie r\u00f3wnie\u017c pi\u0119kn\u0105, minimalistyczn\u0105 i subteln\u0105 ozdob\u0105 pokoju ka\u017cdej dziewczynki \ud83d\ude42<\/p>\n<p>Figurka z tej oferty b\u0119dzie idealnym upominkiem dla blondynki nosz\u0105cej okulary \ud83d\ude42<\/p>\n<p>Wszystkie figurki wykonuj\u0119 w\u0142asnor\u0119cznie. Chocia\u017c kto\u015b mo\u017ce zam\u00f3wi\u0107 podobn\u0105, nigdy nie b\u0119dzie ona identyczna z Twoj\u0105, poniewa\u017c nie stosuj\u0119 \u017cadnych gotowych foremek.\u00a0 Dlatego masz pewno\u015b\u0107, \u017ce posiadasz ozdob\u0119 wyj\u0105tkow\u0105 i niepowtarzaln\u0105 \ud83d\ude42<\/p>\n<p>Figurka jest wykonana\u00a0 z masy solnej. Jest naprawd\u0119 trwa\u0142a i odporna na up\u0142yw czasu (niekt\u00f3re moje figurki maj\u0105 ju\u017c dobrze ponad 10 lat, i nadal maj\u0105 si\u0119 \u015bwietnie :))<\/p>\n<p>Do malowania moich Anio\u0142\u00f3w u\u017cywam farb akrylowych, a do utrwalenia kolor\u00f3w oraz zabezpieczenia figurki pokrywam je lakierem bezbarwnym. Ka\u017cda figurka ma tasiemk\u0119 satynow\u0105 w dopasowanym kolorze, umo\u017cliwiaj\u0105c\u0105 jej zawieszenie na \u015bcianie.<\/p>\n<p><strong>Wymiary:<\/strong><\/p>\n<p>Szeroko\u015b\u0107: ok. 11cm<\/p>\n<p>Wysoko\u015b\u0107: ok. 29cm<\/p>\n<p><strong>Piel\u0119gnacja<\/strong>: Anio\u0142y mo\u017cna bez problemu przeciera\u0107 szmatk\u0105 (mo\u017ce by\u0107 nawet delikatnie wilgotna, ale nie mokra, zdecydowanie nie wk\u0142adaj figurek pod strumie\u0144 wody!! :)).<\/p>\n<p><strong>Uwaga:<\/strong> Kolory, kt\u00f3re widzisz na swoim ekranie, mog\u0105 si\u0119 lekko r\u00f3\u017cni\u0107 od rzeczywistych kolor\u00f3w Anio\u0142a, ze wzgl\u0119du na r\u00f3\u017cne ustawienia naszych urz\u0105dze\u0144.<\/p>\n<p><strong>Dodatkowe informacje o produkcie:<\/strong><\/p>\n<ul>\n<li>Kod PKD: 90.03.Z<\/li>\n<li>Marka: Aga Kr\u00f3l Gallery<\/li>\n<li>Producent i osoba odpowiedzialna:\u00a0 Agnieszka Kr\u00f3l<\/li>\n<li>Kontakt: poprzez formularz kontaktowy b\u0105d\u017a na adres admin@agakrolgallery.com<\/li>\n<li>UWAGA: Produkt wy\u0142\u0105cznie dekoracyjny, nie nadaje si\u0119 do spo\u017cycia<\/li>\n<\/ul>\n<p>ZAPRASZAM \ud83d\ude42<\/p>\n<p>ps. W razie pyta\u0144 kontaktuj si\u0119 prosz\u0119 przez formularz (zak\u0142adka kontakt w stopce na dole strony)<\/p>\n","protected":false},"excerpt":{"rendered":"<p>Anielica komunijna w okularach Je\u015bli szukasz pomys\u0142u na niebanalny prezent komunijny dla dziewczynki, jeste\u015b w idealnym miejscu \ud83d\ude42 Nie ma chyba lepszej pami\u0105tki tego wa\u017cnego sakramentu, ni\u017c pi\u0119kny i wyj\u0105tkowy Anio\u0142, kt\u00f3ry nie tylko b\u0119dzie upami\u0119tnia\u0142 to wa\u017cne religijne wydarzenie, jakim jest przyj\u0119cie Komunii \u015awi\u0119tej, ale b\u0119dzie r\u00f3wnie\u017c pi\u0119kn\u0105, minimalistyczn\u0105 i subteln\u0105 ozdob\u0105 pokoju ka\u017cdej&#8230;<\/p>\n","protected":false},"featured_media":1105,"comment_status":"open","ping_status":"closed","template":"","meta":{"_kad_post_transparent":"default","_kad_post_title":"","_kad_post_layout":"default","_kad_post_sidebar_id":"","_kad_post_content_style":"default","_kad_post_vertical_padding":"default","_kad_post_feature":"","_kad_post_feature_position":"","_kad_post_header":false,"_kad_post_footer":false,"_kad_post_classname":""},"product_brand":[],"product_cat":[50],"product_tag":[72,84,57,58,81,85,86,87,61,83,82,24,79,62],"class_list":{"0":"post-1111","1":"product","2":"type-product","3":"status-publish","4":"has-post-thumbnail","6":"product_cat-anioly-komunijne","7":"product_tag-aniol-stroz-dla-dziecka","8":"product_tag-blondynka-idzie-do-komunii","9":"product_tag-ceremonia-koscielna","10":"product_tag-chrzescijanska-uroczystosc","11":"product_tag-dla-ukochanej-wnusi","12":"product_tag-dziewczynka-komunijna-w-okularach","13":"product_tag-komunia-z-kwiatami","14":"product_tag-kwiatki-polne-na-przyjeciu-komunijnym","15":"product_tag-minimalistyczna-komunia-swieta","16":"product_tag-od-kochajacego-dziadka","17":"product_tag-od-kochajacej-babci","18":"product_tag-prezent-religijny","19":"product_tag-skromna-uroczystosc-komunijna","20":"product_tag-symbol-pierwszej-komunii-ihs","21":"product_shipping_class-aniol-standard","23":"first","24":"instock","25":"sold-individually","26":"shipping-taxable","27":"purchasable","28":"product-type-simple","29":"entry","30":"content-bg","31":"loop-entry"},"jetpack_sharing_enabled":true,"_links":{"self":[{"href":"https:\/\/agakrolgallery.pl\/index.php?rest_route=\/wp\/v2\/product\/1111","targetHints":{"allow":["GET"]}}],"collection":[{"href":"https:\/\/agakrolgallery.pl\/index.php?rest_route=\/wp\/v2\/product"}],"about":[{"href":"https:\/\/agakrolgallery.pl\/index.php?rest_route=\/wp\/v2\/types\/product"}],"replies":[{"embeddable":true,"href":"https:\/\/agakrolgallery.pl\/index.php?rest_route=%2Fwp%2Fv2%2Fcomments&post=1111"}],"wp:featuredmedia":[{"embeddable":true,"href":"https:\/\/agakrolgallery.pl\/index.php?rest_route=\/wp\/v2\/media\/1105"}],"wp:attachment":[{"href":"https:\/\/agakrolgallery.pl\/index.php?rest_route=%2Fwp%2Fv2%2Fmedia&parent=1111"}],"wp:term":[{"taxonomy":"product_brand","embeddable":true,"href":"https:\/\/agakrolgallery.pl\/index.php?rest_route=%2Fwp%2Fv2%2Fproduct_brand&post=1111"},{"taxonomy":"product_cat","embeddable":true,"href":"https:\/\/agakrolgallery.pl\/index.php?rest_route=%2Fwp%2Fv2%2Fproduct_cat&post=1111"},{"taxonomy":"product_tag","embeddable":true,"href":"https:\/\/agakrolgallery.pl\/index.php?rest_route=%2Fwp%2Fv2%2Fproduct_tag&post=1111"}],"curies":[{"name":"wp","href":"https:\/\/api.w.org\/{rel}","templated":true}]}}