{"id":542,"date":"2024-09-10T15:49:10","date_gmt":"2024-09-10T13:49:10","guid":{"rendered":"https:\/\/agakrolgallery.pl\/?page_id=542"},"modified":"2024-12-14T16:30:37","modified_gmt":"2024-12-14T15:30:37","slug":"strona-glowna","status":"publish","type":"page","link":"https:\/\/agakrolgallery.pl\/","title":{"rendered":"Strona g\u0142\u00f3wna"},"content":{"rendered":"\n<p class=\"has-text-align-center has-large-font-size\"><strong>Witaj!<\/strong><\/p>\n\n\n\n<p id=\"block-39c1bc2e-77d5-466f-85ef-384d5b83b2ab\">Bardzo mi mi\u0142o, \u017ce tutaj jeste\u015b! Zapraszam Ci\u0119 do mojego \u015bwiata pe\u0142nego Anio\u0142\u00f3w \ud83d\ude42<\/p>\n\n\n\n<p id=\"block-980ffe42-50d8-4545-9883-07a6f3de2d40\">Je\u015bli szukasz niepowtarzalnego prezentu dla wyj\u0105tkowej osoby, lub sam potrzebujesz anielskiego wsparcia trafi\u0142e\u015b idealnie.<\/p>\n\n\n\n<p id=\"block-a08276b0-61b2-419c-95ca-b3df2d4d697c\">Stworz\u0119 dla Ciebie Anio\u0142a na ka\u017cd\u0105 okazj\u0119, a tak\u017ce, je\u015bli sobie za\u017cyczysz, spersonalizuj\u0119 figurk\u0119 zgodnie z Twoim opisem b\u0105d\u017a zdj\u0119ciem. <\/p>\n\n\n\n<p>Praca nad sklepem nadal trwa, ale kilka Anio\u0142\u00f3w ju\u017c wskoczy\u0142o i b\u0119d\u0105 pojawia\u0107 si\u0119 kolejne \ud83d\ude42<\/p>\n\n\n\n<p>Rozgo\u015b\u0107 si\u0119 prosz\u0119, a w razie jakichkolwiek pyta\u0144 lub w\u0105tpliwo\u015bci, pisz \u015bmia\u0142o!<\/p>\n\n\n\n<p id=\"block-fb0f0e1f-15ff-468c-9385-f102caffec1e\">Aga \ud83d\ude42<\/p>\n","protected":false},"excerpt":{"rendered":"<p>Witaj! Bardzo mi mi\u0142o, \u017ce tutaj jeste\u015b! Zapraszam Ci\u0119 do mojego \u015bwiata pe\u0142nego Anio\u0142\u00f3w \ud83d\ude42 Je\u015bli szukasz niepowtarzalnego prezentu dla wyj\u0105tkowej osoby, lub sam potrzebujesz anielskiego wsparcia trafi\u0142e\u015b idealnie. Stworz\u0119 dla Ciebie Anio\u0142a na ka\u017cd\u0105 okazj\u0119, a tak\u017ce, je\u015bli sobie za\u017cyczysz, spersonalizuj\u0119 figurk\u0119 zgodnie z Twoim opisem b\u0105d\u017a zdj\u0119ciem. Praca nad sklepem nadal trwa, ale&#8230;<\/p>\n","protected":false},"author":1,"featured_media":0,"parent":0,"menu_order":0,"comment_status":"closed","ping_status":"closed","template":"","meta":{"_kad_post_transparent":"","_kad_post_title":"","_kad_post_layout":"","_kad_post_sidebar_id":"","_kad_post_content_style":"","_kad_post_vertical_padding":"","_kad_post_feature":"","_kad_post_feature_position":"","_kad_post_header":false,"_kad_post_footer":false,"_kad_post_classname":"","footnotes":""},"class_list":["post-542","page","type-page","status-publish","hentry"],"jetpack_sharing_enabled":true,"_links":{"self":[{"href":"https:\/\/agakrolgallery.pl\/index.php?rest_route=\/wp\/v2\/pages\/542","targetHints":{"allow":["GET"]}}],"collection":[{"href":"https:\/\/agakrolgallery.pl\/index.php?rest_route=\/wp\/v2\/pages"}],"about":[{"href":"https:\/\/agakrolgallery.pl\/index.php?rest_route=\/wp\/v2\/types\/page"}],"author":[{"embeddable":true,"href":"https:\/\/agakrolgallery.pl\/index.php?rest_route=\/wp\/v2\/users\/1"}],"replies":[{"embeddable":true,"href":"https:\/\/agakrolgallery.pl\/index.php?rest_route=%2Fwp%2Fv2%2Fcomments&post=542"}],"version-history":[{"count":5,"href":"https:\/\/agakrolgallery.pl\/index.php?rest_route=\/wp\/v2\/pages\/542\/revisions"}],"predecessor-version":[{"id":930,"href":"https:\/\/agakrolgallery.pl\/index.php?rest_route=\/wp\/v2\/pages\/542\/revisions\/930"}],"wp:attachment":[{"href":"https:\/\/agakrolgallery.pl\/index.php?rest_route=%2Fwp%2Fv2%2Fmedia&parent=542"}],"curies":[{"name":"wp","href":"https:\/\/api.w.org\/{rel}","templated":true}]}}