{"id":203,"date":"2024-07-12T15:48:14","date_gmt":"2024-07-12T13:48:14","guid":{"rendered":"https:\/\/agakrolgallery.pl\/?page_id=203"},"modified":"2024-09-12T15:35:44","modified_gmt":"2024-09-12T13:35:44","slug":"o-mnie","status":"publish","type":"page","link":"https:\/\/agakrolgallery.pl\/?page_id=203","title":{"rendered":"O mnie"},"content":{"rendered":"\n<p><\/p>\n\n\n\n<p>Cze\u015b\u0107! \ud83d\ude42 Mam na imi\u0119 Aga i robi\u0119 Anio\u0142y z masy solnej. Wszystko zacz\u0119\u0142o si\u0119 w 2009 roku, kiedy pierwszy raz zobaczy\u0142am film &#8222;Rozmowy noc\u0105&#8221;, w kt\u00f3rym g\u0142\u00f3wna bohaterka robi\u0142a w\u0142a\u015bnie takie figurki i sprzedawa\u0142a je do galerii. <\/p>\n\n\n\n<p>W\u0142a\u015bnie wtedy zrodzi\u0142o si\u0119 moje marzenie, \u017ce ja te\u017c tak chc\u0119 \ud83d\ude42 Od tamtej pory stale rozwijam swoje umiej\u0119tno\u015bci, tworz\u0105c coraz to nowe figurki. Ka\u017cda z nich jest wyj\u0105tkowa, gdy\u017c wykonana w 100% moimi r\u0119koma i nikt nie b\u0119dzie mia\u0142 identycznej. <\/p>\n\n\n\n<figure class=\"wp-block-gallery has-nested-images columns-default is-cropped wp-block-gallery-1 is-layout-flex wp-block-gallery-is-layout-flex\"><\/figure>\n\n\n\n<p>Odk\u0105d pami\u0119tam zawsze co\u015b tworzy\u0142am, uwielbiam rysowa\u0107, malowa\u0107, lepi\u0107 z gliny i kocham muzyk\u0119 i \u015bpiew &#8211; chyba \u015bmia\u0142o mog\u0119 siebie okre\u015bli\u0107 jako artystyczn\u0105 dusz\u0119. Rado\u015b\u0107 i wzruszenie ludzi kiedy otrzymuj\u0105 przesy\u0142k\u0119, jest dla mnie ogromn\u0105 motywacj\u0105 i inspiracj\u0105. Zapraszam i Ciebie po swojego Anio\u0142a.<\/p>\n\n\n\n<p><\/p>\n","protected":false},"excerpt":{"rendered":"<p>Cze\u015b\u0107! \ud83d\ude42 Mam na imi\u0119 Aga i robi\u0119 Anio\u0142y z masy solnej. Wszystko zacz\u0119\u0142o si\u0119 w 2009 roku, kiedy pierwszy raz zobaczy\u0142am film &#8222;Rozmowy noc\u0105&#8221;, w kt\u00f3rym g\u0142\u00f3wna bohaterka robi\u0142a w\u0142a\u015bnie takie figurki i sprzedawa\u0142a je do galerii. W\u0142a\u015bnie wtedy zrodzi\u0142o si\u0119 moje marzenie, \u017ce ja te\u017c tak chc\u0119 \ud83d\ude42 Od tamtej pory stale rozwijam&#8230;<\/p>\n","protected":false},"author":1,"featured_media":0,"parent":0,"menu_order":0,"comment_status":"closed","ping_status":"closed","template":"","meta":{"_kad_post_transparent":"","_kad_post_title":"","_kad_post_layout":"","_kad_post_sidebar_id":"","_kad_post_content_style":"","_kad_post_vertical_padding":"","_kad_post_feature":"","_kad_post_feature_position":"","_kad_post_header":false,"_kad_post_footer":false,"_kad_post_classname":"","footnotes":""},"class_list":["post-203","page","type-page","status-publish","hentry"],"jetpack_sharing_enabled":true,"_links":{"self":[{"href":"https:\/\/agakrolgallery.pl\/index.php?rest_route=\/wp\/v2\/pages\/203","targetHints":{"allow":["GET"]}}],"collection":[{"href":"https:\/\/agakrolgallery.pl\/index.php?rest_route=\/wp\/v2\/pages"}],"about":[{"href":"https:\/\/agakrolgallery.pl\/index.php?rest_route=\/wp\/v2\/types\/page"}],"author":[{"embeddable":true,"href":"https:\/\/agakrolgallery.pl\/index.php?rest_route=\/wp\/v2\/users\/1"}],"replies":[{"embeddable":true,"href":"https:\/\/agakrolgallery.pl\/index.php?rest_route=%2Fwp%2Fv2%2Fcomments&post=203"}],"version-history":[{"count":9,"href":"https:\/\/agakrolgallery.pl\/index.php?rest_route=\/wp\/v2\/pages\/203\/revisions"}],"predecessor-version":[{"id":621,"href":"https:\/\/agakrolgallery.pl\/index.php?rest_route=\/wp\/v2\/pages\/203\/revisions\/621"}],"wp:attachment":[{"href":"https:\/\/agakrolgallery.pl\/index.php?rest_route=%2Fwp%2Fv2%2Fmedia&parent=203"}],"curies":[{"name":"wp","href":"https:\/\/api.w.org\/{rel}","templated":true}]}}